{"id":113,"date":"2019-10-04T11:37:57","date_gmt":"2019-10-04T09:37:57","guid":{"rendered":"http:\/\/www.aquatron.se\/?page_id=113"},"modified":"2023-09-01T17:01:39","modified_gmt":"2023-09-01T15:01:39","slug":"hem","status":"publish","type":"page","link":"https:\/\/www.aquatron.se\/sv\/","title":{"rendered":"Hem"},"content":{"rendered":"","protected":false},"excerpt":{"rendered":"","protected":false},"author":1,"featured_media":0,"parent":0,"menu_order":-10,"comment_status":"closed","ping_status":"closed","template":"","meta":{"_acf_changed":false,"footnotes":""},"class_list":["post-113","page","type-page","status-publish","hentry"],"acf":[],"yoast_head":"<!-- This site is optimized with the Yoast SEO plugin v27.5 - https:\/\/yoast.com\/product\/yoast-seo-wordpress\/ -->\n<title>Aquatron ekologiska toalettsystem | V\u00e4l bepr\u00f6vat och omtyckt i 40 \u00e5r.<\/title>\n<meta name=\"description\" content=\"Det enklaste och mest hygieniska s\u00e4ttet att bli ekologisk, h\u00e5llbar och oberoende (off-grid). Systemet passar i allt fr\u00e5n stugan till offentliga byggnader.\" \/>\n<meta name=\"robots\" content=\"index, follow, max-snippet:-1, max-image-preview:large, max-video-preview:-1\" \/>\n<link rel=\"canonical\" href=\"https:\/\/www.aquatron.se\/sv\/\" \/>\n<meta property=\"og:locale\" content=\"sv_SE\" \/>\n<meta property=\"og:type\" content=\"article\" \/>\n<meta property=\"og:title\" content=\"Aquatron ekologiska toalettsystem | V\u00e4l bepr\u00f6vat och omtyckt i 40 \u00e5r.\" \/>\n<meta property=\"og:description\" content=\"Det enklaste och mest hygieniska s\u00e4ttet att bli ekologisk, h\u00e5llbar och oberoende (off-grid). Systemet passar i allt fr\u00e5n stugan till offentliga byggnader.\" \/>\n<meta property=\"og:url\" content=\"https:\/\/www.aquatron.se\/sv\/\" \/>\n<meta property=\"og:site_name\" content=\"Aquatron | Ecologic toilet system\" \/>\n<meta property=\"article:modified_time\" content=\"2023-09-01T15:01:39+00:00\" \/>\n<meta name=\"twitter:card\" content=\"summary_large_image\" \/>\n<script type=\"application\/ld+json\" class=\"yoast-schema-graph\">{\"@context\":\"https:\\\/\\\/schema.org\",\"@graph\":[{\"@type\":\"WebPage\",\"@id\":\"https:\\\/\\\/www.aquatron.se\\\/sv\\\/\",\"url\":\"https:\\\/\\\/www.aquatron.se\\\/sv\\\/\",\"name\":\"Aquatron ekologiska toalettsystem | V\u00e4l bepr\u00f6vat och omtyckt i 40 \u00e5r.\",\"isPartOf\":{\"@id\":\"https:\\\/\\\/www.aquatron.se\\\/#website\"},\"datePublished\":\"2019-10-04T09:37:57+00:00\",\"dateModified\":\"2023-09-01T15:01:39+00:00\",\"description\":\"Det enklaste och mest hygieniska s\u00e4ttet att bli ekologisk, h\u00e5llbar och oberoende (off-grid). Systemet passar i allt fr\u00e5n stugan till offentliga byggnader.\",\"breadcrumb\":{\"@id\":\"https:\\\/\\\/www.aquatron.se\\\/sv\\\/#breadcrumb\"},\"inLanguage\":\"sv-SE\",\"potentialAction\":[{\"@type\":\"ReadAction\",\"target\":[\"https:\\\/\\\/www.aquatron.se\\\/sv\\\/\"]}]},{\"@type\":\"BreadcrumbList\",\"@id\":\"https:\\\/\\\/www.aquatron.se\\\/sv\\\/#breadcrumb\",\"itemListElement\":[{\"@type\":\"ListItem\",\"position\":1,\"name\":\"Home\",\"item\":\"https:\\\/\\\/www.aquatron.se\\\/sv\\\/\"},{\"@type\":\"ListItem\",\"position\":2,\"name\":\"Hem\"}]},{\"@type\":\"WebSite\",\"@id\":\"https:\\\/\\\/www.aquatron.se\\\/#website\",\"url\":\"https:\\\/\\\/www.aquatron.se\\\/\",\"name\":\"Aquatron | Ecologic toilet system\",\"description\":\"Aquatron is the ecological system for those who want their own sludge handling with easy composting.\",\"publisher\":{\"@id\":\"https:\\\/\\\/www.aquatron.se\\\/#organization\"},\"potentialAction\":[{\"@type\":\"SearchAction\",\"target\":{\"@type\":\"EntryPoint\",\"urlTemplate\":\"https:\\\/\\\/www.aquatron.se\\\/?s={search_term_string}\"},\"query-input\":{\"@type\":\"PropertyValueSpecification\",\"valueRequired\":true,\"valueName\":\"search_term_string\"}}],\"inLanguage\":\"sv-SE\"},{\"@type\":\"Organization\",\"@id\":\"https:\\\/\\\/www.aquatron.se\\\/#organization\",\"name\":\"Aquatron\",\"url\":\"https:\\\/\\\/www.aquatron.se\\\/\",\"logo\":{\"@type\":\"ImageObject\",\"inLanguage\":\"sv-SE\",\"@id\":\"https:\\\/\\\/www.aquatron.se\\\/#\\\/schema\\\/logo\\\/image\\\/\",\"url\":\"https:\\\/\\\/www.aquatron.se\\\/wp-content\\\/uploads\\\/2019\\\/10\\\/aquatron-logo.png\",\"contentUrl\":\"https:\\\/\\\/www.aquatron.se\\\/wp-content\\\/uploads\\\/2019\\\/10\\\/aquatron-logo.png\",\"width\":173,\"height\":106,\"caption\":\"Aquatron\"},\"image\":{\"@id\":\"https:\\\/\\\/www.aquatron.se\\\/#\\\/schema\\\/logo\\\/image\\\/\"}}]}<\/script>\n<!-- \/ Yoast SEO plugin. -->","yoast_head_json":{"title":"Aquatron ekologiska toalettsystem | V\u00e4l bepr\u00f6vat och omtyckt i 40 \u00e5r.","description":"Det enklaste och mest hygieniska s\u00e4ttet att bli ekologisk, h\u00e5llbar och oberoende (off-grid). Systemet passar i allt fr\u00e5n stugan till offentliga byggnader.","robots":{"index":"index","follow":"follow","max-snippet":"max-snippet:-1","max-image-preview":"max-image-preview:large","max-video-preview":"max-video-preview:-1"},"canonical":"https:\/\/www.aquatron.se\/sv\/","og_locale":"sv_SE","og_type":"article","og_title":"Aquatron ekologiska toalettsystem | V\u00e4l bepr\u00f6vat och omtyckt i 40 \u00e5r.","og_description":"Det enklaste och mest hygieniska s\u00e4ttet att bli ekologisk, h\u00e5llbar och oberoende (off-grid). Systemet passar i allt fr\u00e5n stugan till offentliga byggnader.","og_url":"https:\/\/www.aquatron.se\/sv\/","og_site_name":"Aquatron | Ecologic toilet system","article_modified_time":"2023-09-01T15:01:39+00:00","twitter_card":"summary_large_image","schema":{"@context":"https:\/\/schema.org","@graph":[{"@type":"WebPage","@id":"https:\/\/www.aquatron.se\/sv\/","url":"https:\/\/www.aquatron.se\/sv\/","name":"Aquatron ekologiska toalettsystem | V\u00e4l bepr\u00f6vat och omtyckt i 40 \u00e5r.","isPartOf":{"@id":"https:\/\/www.aquatron.se\/#website"},"datePublished":"2019-10-04T09:37:57+00:00","dateModified":"2023-09-01T15:01:39+00:00","description":"Det enklaste och mest hygieniska s\u00e4ttet att bli ekologisk, h\u00e5llbar och oberoende (off-grid). Systemet passar i allt fr\u00e5n stugan till offentliga byggnader.","breadcrumb":{"@id":"https:\/\/www.aquatron.se\/sv\/#breadcrumb"},"inLanguage":"sv-SE","potentialAction":[{"@type":"ReadAction","target":["https:\/\/www.aquatron.se\/sv\/"]}]},{"@type":"BreadcrumbList","@id":"https:\/\/www.aquatron.se\/sv\/#breadcrumb","itemListElement":[{"@type":"ListItem","position":1,"name":"Home","item":"https:\/\/www.aquatron.se\/sv\/"},{"@type":"ListItem","position":2,"name":"Hem"}]},{"@type":"WebSite","@id":"https:\/\/www.aquatron.se\/#website","url":"https:\/\/www.aquatron.se\/","name":"Aquatron | Ecologic toilet system","description":"Aquatron is the ecological system for those who want their own sludge handling with easy composting.","publisher":{"@id":"https:\/\/www.aquatron.se\/#organization"},"potentialAction":[{"@type":"SearchAction","target":{"@type":"EntryPoint","urlTemplate":"https:\/\/www.aquatron.se\/?s={search_term_string}"},"query-input":{"@type":"PropertyValueSpecification","valueRequired":true,"valueName":"search_term_string"}}],"inLanguage":"sv-SE"},{"@type":"Organization","@id":"https:\/\/www.aquatron.se\/#organization","name":"Aquatron","url":"https:\/\/www.aquatron.se\/","logo":{"@type":"ImageObject","inLanguage":"sv-SE","@id":"https:\/\/www.aquatron.se\/#\/schema\/logo\/image\/","url":"https:\/\/www.aquatron.se\/wp-content\/uploads\/2019\/10\/aquatron-logo.png","contentUrl":"https:\/\/www.aquatron.se\/wp-content\/uploads\/2019\/10\/aquatron-logo.png","width":173,"height":106,"caption":"Aquatron"},"image":{"@id":"https:\/\/www.aquatron.se\/#\/schema\/logo\/image\/"}}]}},"_links":{"self":[{"href":"https:\/\/www.aquatron.se\/sv\/wp-json\/wp\/v2\/pages\/113","targetHints":{"allow":["GET"]}}],"collection":[{"href":"https:\/\/www.aquatron.se\/sv\/wp-json\/wp\/v2\/pages"}],"about":[{"href":"https:\/\/www.aquatron.se\/sv\/wp-json\/wp\/v2\/types\/page"}],"author":[{"embeddable":true,"href":"https:\/\/www.aquatron.se\/sv\/wp-json\/wp\/v2\/users\/1"}],"replies":[{"embeddable":true,"href":"https:\/\/www.aquatron.se\/sv\/wp-json\/wp\/v2\/comments?post=113"}],"version-history":[{"count":21,"href":"https:\/\/www.aquatron.se\/sv\/wp-json\/wp\/v2\/pages\/113\/revisions"}],"predecessor-version":[{"id":5534,"href":"https:\/\/www.aquatron.se\/sv\/wp-json\/wp\/v2\/pages\/113\/revisions\/5534"}],"wp:attachment":[{"href":"https:\/\/www.aquatron.se\/sv\/wp-json\/wp\/v2\/media?parent=113"}],"curies":[{"name":"wp","href":"https:\/\/api.w.org\/{rel}","templated":true}]}}